{"id":274,"date":"2021-07-11T18:38:17","date_gmt":"2021-07-11T18:38:17","guid":{"rendered":"https:\/\/tpcostruzioni.com\/ouvrages-en-pierre\/"},"modified":"2024-09-18T07:12:25","modified_gmt":"2024-09-18T07:12:25","slug":"ouvrages-en-pierre","status":"publish","type":"page","link":"https:\/\/www.audacesedilizia.com\/fr\/ouvrages-en-pierre\/","title":{"rendered":"Travaux en pierre"},"content":{"rendered":"<p>[et_pb_section fb_built=\u00a0\u00bb1&Prime; admin_label=\u00a0\u00bbHero\u00a0\u00bb _builder_version=\u00a0\u00bb4.19.3&Prime; use_background_color_gradient=\u00a0\u00bbon\u00a0\u00bb background_color_gradient_type=\u00a0\u00bbcircular\u00a0\u00bb background_color_gradient_direction_radial=\u00a0\u00bbtop left\u00a0\u00bb background_color_gradient_stops=\u00a0\u00bbrgba(40,40,40,0.79) 0%|rgba(40,40,40,0.86) 100%\u00a0\u00bb background_color_gradient_overlays_image=\u00a0\u00bbon\u00a0\u00bb background_color_gradient_start=\u00a0\u00bbrgba(40,40,40,0.79)\u00a0\u00bb background_color_gradient_end=\u00a0\u00bbrgba(40,40,40,0.86)\u00a0\u00bb background_image=\u00a0\u00bbhttps:\/\/www.audacesedilizia.com\/wp-content\/uploads\/2022\/12\/Depositphotos_19538767_L-1.png\u00a0\u00bb background_blend=\u00a0\u00bbexclusion\u00a0\u00bb custom_margin=\u00a0\u00bb||||false\u00a0\u00bb custom_padding=\u00a0\u00bb5vw||5vw||true|false\u00a0\u00bb global_colors_info=\u00a0\u00bb{}\u00a0\u00bb][et_pb_row _builder_version=\u00a0\u00bb4.19.3&Prime; global_colors_info=\u00a0\u00bb{}\u00a0\u00bb][et_pb_column type=\u00a0\u00bb4_4&Prime; _builder_version=\u00a0\u00bb4.16&Prime; custom_padding=\u00a0\u00bb|||\u00a0\u00bb global_colors_info=\u00a0\u00bb{}\u00a0\u00bb custom_padding__hover=\u00a0\u00bb|||\u00a0\u00bb][et_pb_text _builder_version=\u00a0\u00bb4.27.0&Prime; text_font=\u00a0\u00bb||||||||\u00a0\u00bb header_font=\u00a0\u00bbRubik|700|||||||\u00a0\u00bb header_font_size=\u00a0\u00bb64px\u00a0\u00bb header_line_height=\u00a0\u00bb1.1em\u00a0\u00bb background_layout=\u00a0\u00bbdark\u00a0\u00bb max_width=\u00a0\u00bb800px\u00a0\u00bb custom_margin=\u00a0\u00bb||0px|\u00a0\u00bb custom_padding=\u00a0\u00bb|||16px\u00a0\u00bb hover_enabled=\u00a0\u00bb0&Prime; text_font_size_tablet=\u00a0\u00bb14px\u00a0\u00bb text_font_size_last_edited=\u00a0\u00bboff|desktop\u00a0\u00bb header_font_size_tablet=\u00a0\u00bb44px\u00a0\u00bb header_font_size_phone=\u00a0\u00bb32px\u00a0\u00bb header_font_size_last_edited=\u00a0\u00bbon|phone\u00a0\u00bb border_width_left=\u00a0\u00bb10px\u00a0\u00bb global_colors_info=\u00a0\u00bb{}\u00a0\u00bb border_color_all=\u00a0\u00bb#cb6843&Prime; sticky_enabled=\u00a0\u00bb0&Prime;]<\/p>\n<h1>Travaux en pierre<\/h1>\n<p>[\/et_pb_text][\/et_pb_column][\/et_pb_row][\/et_pb_section][et_pb_section fb_built=\u00a0\u00bb1&Prime; admin_label=\u00a0\u00bbAbout\u00a0\u00bb _builder_version=\u00a0\u00bb4.16&Prime; custom_margin=\u00a0\u00bb-21px|||||\u00a0\u00bb global_colors_info=\u00a0\u00bb{}\u00a0\u00bb][et_pb_row column_structure=\u00a0\u00bb1_2,1_2&Prime; _builder_version=\u00a0\u00bb4.16&Prime; global_colors_info=\u00a0\u00bb{}\u00a0\u00bb][et_pb_column type=\u00a0\u00bb1_2&Prime; _builder_version=\u00a0\u00bb4.16&Prime; custom_padding=\u00a0\u00bb|||\u00a0\u00bb global_colors_info=\u00a0\u00bb{}\u00a0\u00bb custom_padding__hover=\u00a0\u00bb|||\u00a0\u00bb][et_pb_text _builder_version=\u00a0\u00bb4.16&Prime; text_font=\u00a0\u00bb||||||||\u00a0\u00bb text_font_size=\u00a0\u00bb15px\u00a0\u00bb text_line_height=\u00a0\u00bb1.8em\u00a0\u00bb custom_padding=\u00a0\u00bb|||\u00a0\u00bb custom_padding_tablet=\u00a0\u00bb|40px||40px||true\u00a0\u00bb custom_padding_last_edited=\u00a0\u00bboff|desktop\u00a0\u00bb global_colors_info=\u00a0\u00bb{}\u00a0\u00bb]<\/p>\n<p>Les pierres naturelles am\u00e9liorent le rev\u00eatement avec des formes, des couleurs et des effets qui font d\u2019elles un choix exceptionnel pour les environnements de style. Dans un mur en pierre, la taille et le type de pose des pierres donnent l&rsquo;harmonie, le mouvement, la profondeur et la valeur au produit.<\/p>\n<p>L&rsquo;utilisation des rev\u00eatements et des sols en pierre naturelle (en particulier la pierre Luserna) est donc largement utilis\u00e9e dans les constructions de qualit\u00e9 qui sont cr\u00e9\u00e9s pour durer.<\/p>\n<p>[\/et_pb_text][\/et_pb_column][et_pb_column type=\u00a0\u00bb1_2&Prime; _builder_version=\u00a0\u00bb4.16&Prime; custom_padding=\u00a0\u00bb|||\u00a0\u00bb global_colors_info=\u00a0\u00bb{}\u00a0\u00bb custom_padding__hover=\u00a0\u00bb|||\u00a0\u00bb][et_pb_text _builder_version=\u00a0\u00bb4.16&Prime; text_font=\u00a0\u00bb||||||||\u00a0\u00bb text_font_size=\u00a0\u00bb15px\u00a0\u00bb text_line_height=\u00a0\u00bb1.8em\u00a0\u00bb custom_padding=\u00a0\u00bb|||\u00a0\u00bb custom_padding_tablet=\u00a0\u00bb|40px||40px||true\u00a0\u00bb custom_padding_last_edited=\u00a0\u00bboff|desktop\u00a0\u00bb locked=\u00a0\u00bboff\u00a0\u00bb global_colors_info=\u00a0\u00bb{}\u00a0\u00bb]<\/p>\n<p>Pour construire les rev\u00eatements, <strong>Audaces Edilizia<\/strong> pr\u00e9f\u00e8re utiliser la pierre naturelle provenant des carri\u00e8res locales, car elle s\u2019harmonise correctement avec l&rsquo;environnement et avec les b\u00e2timents voisins.. Les pierres locales viennent habituellement des carri\u00e8res de Verezzo et de Badalucco, qui poss\u00e8dent la meilleure qualit\u00e9 des mat\u00e9riaux et l&rsquo;aspect plus agr\u00e9able..<\/p>\n<p>En plus des rev\u00eatements classiques de murs et des sols, l\u2019entreprise est capable d&rsquo;ex\u00e9cuter la d\u00e9coration en pierre naturelle ancr\u00e9e sur des supports en treillis m\u00e9tallique.<\/p>\n<p>Les principales r\u00e9f\u00e9rences de l&rsquo;entreprise sont situ\u00e9es dans le quartier de Sanremo, Bordighera, Vintimille, et dans la r\u00e9gion voisine C\u00f4t\u00e9 d&rsquo;Azur \/ R\u00e9gion Sud.<\/p>\n<p>[\/et_pb_text][\/et_pb_column][\/et_pb_row][et_pb_row _builder_version=\u00a0\u00bb4.19.3&Prime; _module_preset=\u00a0\u00bbdefault\u00a0\u00bb global_colors_info=\u00a0\u00bb{}\u00a0\u00bb][et_pb_column type=\u00a0\u00bb4_4&Prime; _builder_version=\u00a0\u00bb4.19.3&Prime; _module_preset=\u00a0\u00bbdefault\u00a0\u00bb global_colors_info=\u00a0\u00bb{}\u00a0\u00bb][et_pb_gallery gallery_ids=\u00a0\u00bb678,681,684,687&Prime; show_title_and_caption=\u00a0\u00bboff\u00a0\u00bb show_pagination=\u00a0\u00bboff\u00a0\u00bb _builder_version=\u00a0\u00bb4.19.3&Prime; _module_preset=\u00a0\u00bbdefault\u00a0\u00bb box_shadow_style_image=\u00a0\u00bbpreset1&Prime; global_colors_info=\u00a0\u00bb{}\u00a0\u00bb][\/et_pb_gallery][\/et_pb_column][\/et_pb_row][\/et_pb_section]<\/p>\n","protected":false},"excerpt":{"rendered":"<p>Travaux en pierreLes pierres naturelles am\u00e9liorent le rev\u00eatement avec des formes, des couleurs et des effets qui font d\u2019elles un choix exceptionnel pour les environnements de style. Dans un mur en pierre, la taille et le type de pose des pierres donnent l&rsquo;harmonie, le mouvement, la profondeur et la valeur au produit. L&rsquo;utilisation des rev\u00eatements [&hellip;]<\/p>\n","protected":false},"author":1,"featured_media":0,"parent":0,"menu_order":0,"comment_status":"closed","ping_status":"closed","template":"","meta":{"_et_pb_use_builder":"on","_et_pb_old_content":"","_et_gb_content_width":"","footnotes":""},"class_list":["post-274","page","type-page","status-publish","hentry"],"yoast_head":"<!-- This site is optimized with the Yoast SEO plugin v23.5 - https:\/\/yoast.com\/wordpress\/plugins\/seo\/ -->\n<title>Travaux en pierre - AUDACES Edilizia<\/title>\n<meta name=\"description\" content=\"Les pierres naturelles am\u00e9liorent le rev\u00eatement avec des formes, des couleurs et des effets qui font d\u2019elles un choix exceptionnel pour les environnements de style. Dans un mur en pierre, la taille et le type de pose des pierres donnent l&#039;harmonie, le mouvement, la profondeur et la valeur au produit.\" \/>\n<meta name=\"robots\" content=\"index, follow, max-snippet:-1, max-image-preview:large, max-video-preview:-1\" \/>\n<link rel=\"canonical\" href=\"https:\/\/www.audacesedilizia.com\/fr\/ouvrages-en-pierre\/\" \/>\n<meta property=\"og:locale\" content=\"fr_FR\" \/>\n<meta property=\"og:type\" content=\"article\" \/>\n<meta property=\"og:title\" content=\"Travaux en pierre - AUDACES Edilizia\" \/>\n<meta property=\"og:description\" content=\"Les pierres naturelles am\u00e9liorent le rev\u00eatement avec des formes, des couleurs et des effets qui font d\u2019elles un choix exceptionnel pour les environnements de style. Dans un mur en pierre, la taille et le type de pose des pierres donnent l&#039;harmonie, le mouvement, la profondeur et la valeur au produit.\" \/>\n<meta property=\"og:url\" content=\"https:\/\/www.audacesedilizia.com\/fr\/ouvrages-en-pierre\/\" \/>\n<meta property=\"og:site_name\" content=\"AUDACES Edilizia\" \/>\n<meta property=\"article:modified_time\" content=\"2024-09-18T07:12:25+00:00\" \/>\n<meta name=\"twitter:card\" content=\"summary_large_image\" \/>\n<meta name=\"twitter:label1\" content=\"Dur\u00e9e de lecture estim\u00e9e\" \/>\n\t<meta name=\"twitter:data1\" content=\"3 minutes\" \/>\n<script type=\"application\/ld+json\" class=\"yoast-schema-graph\">{\"@context\":\"https:\/\/schema.org\",\"@graph\":[{\"@type\":\"WebPage\",\"@id\":\"https:\/\/www.audacesedilizia.com\/fr\/ouvrages-en-pierre\/\",\"url\":\"https:\/\/www.audacesedilizia.com\/fr\/ouvrages-en-pierre\/\",\"name\":\"Travaux en pierre - AUDACES Edilizia\",\"isPartOf\":{\"@id\":\"https:\/\/www.audacesedilizia.com\/fr\/#website\"},\"datePublished\":\"2021-07-11T18:38:17+00:00\",\"dateModified\":\"2024-09-18T07:12:25+00:00\",\"description\":\"Les pierres naturelles am\u00e9liorent le rev\u00eatement avec des formes, des couleurs et des effets qui font d\u2019elles un choix exceptionnel pour les environnements de style. Dans un mur en pierre, la taille et le type de pose des pierres donnent l'harmonie, le mouvement, la profondeur et la valeur au produit.\",\"breadcrumb\":{\"@id\":\"https:\/\/www.audacesedilizia.com\/fr\/ouvrages-en-pierre\/#breadcrumb\"},\"inLanguage\":\"fr-FR\",\"potentialAction\":[{\"@type\":\"ReadAction\",\"target\":[\"https:\/\/www.audacesedilizia.com\/fr\/ouvrages-en-pierre\/\"]}]},{\"@type\":\"BreadcrumbList\",\"@id\":\"https:\/\/www.audacesedilizia.com\/fr\/ouvrages-en-pierre\/#breadcrumb\",\"itemListElement\":[{\"@type\":\"ListItem\",\"position\":1,\"name\":\"Home\",\"item\":\"https:\/\/www.audacesedilizia.com\/fr\/\"},{\"@type\":\"ListItem\",\"position\":2,\"name\":\"Travaux en pierre\"}]},{\"@type\":\"WebSite\",\"@id\":\"https:\/\/www.audacesedilizia.com\/fr\/#website\",\"url\":\"https:\/\/www.audacesedilizia.com\/fr\/\",\"name\":\"AUDACES Edilizia\",\"description\":\"Azienda specializzata nella posa dei rivestimenti in pietra e in resina.\",\"publisher\":{\"@id\":\"https:\/\/www.audacesedilizia.com\/fr\/#organization\"},\"potentialAction\":[{\"@type\":\"SearchAction\",\"target\":{\"@type\":\"EntryPoint\",\"urlTemplate\":\"https:\/\/www.audacesedilizia.com\/fr\/?s={search_term_string}\"},\"query-input\":{\"@type\":\"PropertyValueSpecification\",\"valueRequired\":true,\"valueName\":\"search_term_string\"}}],\"inLanguage\":\"fr-FR\"},{\"@type\":\"Organization\",\"@id\":\"https:\/\/www.audacesedilizia.com\/fr\/#organization\",\"name\":\"Azienda specializzata nella posa dei rivestimenti in pietra e in resina.\",\"url\":\"https:\/\/www.audacesedilizia.com\/fr\/\",\"logo\":{\"@type\":\"ImageObject\",\"inLanguage\":\"fr-FR\",\"@id\":\"https:\/\/www.audacesedilizia.com\/fr\/#\/schema\/logo\/image\/\",\"url\":\"https:\/\/www.audacesedilizia.com\/wp-content\/uploads\/2024\/09\/AUDACES-EDILIZIA-Logo-Sito.png\",\"contentUrl\":\"https:\/\/www.audacesedilizia.com\/wp-content\/uploads\/2024\/09\/AUDACES-EDILIZIA-Logo-Sito.png\",\"width\":1357,\"height\":329,\"caption\":\"Azienda specializzata nella posa dei rivestimenti in pietra e in resina.\"},\"image\":{\"@id\":\"https:\/\/www.audacesedilizia.com\/fr\/#\/schema\/logo\/image\/\"}}]}<\/script>\n<!-- \/ Yoast SEO plugin. -->","yoast_head_json":{"title":"Travaux en pierre - AUDACES Edilizia","description":"Les pierres naturelles am\u00e9liorent le rev\u00eatement avec des formes, des couleurs et des effets qui font d\u2019elles un choix exceptionnel pour les environnements de style. Dans un mur en pierre, la taille et le type de pose des pierres donnent l'harmonie, le mouvement, la profondeur et la valeur au produit.","robots":{"index":"index","follow":"follow","max-snippet":"max-snippet:-1","max-image-preview":"max-image-preview:large","max-video-preview":"max-video-preview:-1"},"canonical":"https:\/\/www.audacesedilizia.com\/fr\/ouvrages-en-pierre\/","og_locale":"fr_FR","og_type":"article","og_title":"Travaux en pierre - AUDACES Edilizia","og_description":"Les pierres naturelles am\u00e9liorent le rev\u00eatement avec des formes, des couleurs et des effets qui font d\u2019elles un choix exceptionnel pour les environnements de style. Dans un mur en pierre, la taille et le type de pose des pierres donnent l'harmonie, le mouvement, la profondeur et la valeur au produit.","og_url":"https:\/\/www.audacesedilizia.com\/fr\/ouvrages-en-pierre\/","og_site_name":"AUDACES Edilizia","article_modified_time":"2024-09-18T07:12:25+00:00","twitter_card":"summary_large_image","twitter_misc":{"Dur\u00e9e de lecture estim\u00e9e":"3 minutes"},"schema":{"@context":"https:\/\/schema.org","@graph":[{"@type":"WebPage","@id":"https:\/\/www.audacesedilizia.com\/fr\/ouvrages-en-pierre\/","url":"https:\/\/www.audacesedilizia.com\/fr\/ouvrages-en-pierre\/","name":"Travaux en pierre - AUDACES Edilizia","isPartOf":{"@id":"https:\/\/www.audacesedilizia.com\/fr\/#website"},"datePublished":"2021-07-11T18:38:17+00:00","dateModified":"2024-09-18T07:12:25+00:00","description":"Les pierres naturelles am\u00e9liorent le rev\u00eatement avec des formes, des couleurs et des effets qui font d\u2019elles un choix exceptionnel pour les environnements de style. Dans un mur en pierre, la taille et le type de pose des pierres donnent l'harmonie, le mouvement, la profondeur et la valeur au produit.","breadcrumb":{"@id":"https:\/\/www.audacesedilizia.com\/fr\/ouvrages-en-pierre\/#breadcrumb"},"inLanguage":"fr-FR","potentialAction":[{"@type":"ReadAction","target":["https:\/\/www.audacesedilizia.com\/fr\/ouvrages-en-pierre\/"]}]},{"@type":"BreadcrumbList","@id":"https:\/\/www.audacesedilizia.com\/fr\/ouvrages-en-pierre\/#breadcrumb","itemListElement":[{"@type":"ListItem","position":1,"name":"Home","item":"https:\/\/www.audacesedilizia.com\/fr\/"},{"@type":"ListItem","position":2,"name":"Travaux en pierre"}]},{"@type":"WebSite","@id":"https:\/\/www.audacesedilizia.com\/fr\/#website","url":"https:\/\/www.audacesedilizia.com\/fr\/","name":"AUDACES Edilizia","description":"Azienda specializzata nella posa dei rivestimenti in pietra e in resina.","publisher":{"@id":"https:\/\/www.audacesedilizia.com\/fr\/#organization"},"potentialAction":[{"@type":"SearchAction","target":{"@type":"EntryPoint","urlTemplate":"https:\/\/www.audacesedilizia.com\/fr\/?s={search_term_string}"},"query-input":{"@type":"PropertyValueSpecification","valueRequired":true,"valueName":"search_term_string"}}],"inLanguage":"fr-FR"},{"@type":"Organization","@id":"https:\/\/www.audacesedilizia.com\/fr\/#organization","name":"Azienda specializzata nella posa dei rivestimenti in pietra e in resina.","url":"https:\/\/www.audacesedilizia.com\/fr\/","logo":{"@type":"ImageObject","inLanguage":"fr-FR","@id":"https:\/\/www.audacesedilizia.com\/fr\/#\/schema\/logo\/image\/","url":"https:\/\/www.audacesedilizia.com\/wp-content\/uploads\/2024\/09\/AUDACES-EDILIZIA-Logo-Sito.png","contentUrl":"https:\/\/www.audacesedilizia.com\/wp-content\/uploads\/2024\/09\/AUDACES-EDILIZIA-Logo-Sito.png","width":1357,"height":329,"caption":"Azienda specializzata nella posa dei rivestimenti in pietra e in resina."},"image":{"@id":"https:\/\/www.audacesedilizia.com\/fr\/#\/schema\/logo\/image\/"}}]}},"_links":{"self":[{"href":"https:\/\/www.audacesedilizia.com\/fr\/wp-json\/wp\/v2\/pages\/274","targetHints":{"allow":["GET"]}}],"collection":[{"href":"https:\/\/www.audacesedilizia.com\/fr\/wp-json\/wp\/v2\/pages"}],"about":[{"href":"https:\/\/www.audacesedilizia.com\/fr\/wp-json\/wp\/v2\/types\/page"}],"author":[{"embeddable":true,"href":"https:\/\/www.audacesedilizia.com\/fr\/wp-json\/wp\/v2\/users\/1"}],"replies":[{"embeddable":true,"href":"https:\/\/www.audacesedilizia.com\/fr\/wp-json\/wp\/v2\/comments?post=274"}],"version-history":[{"count":8,"href":"https:\/\/www.audacesedilizia.com\/fr\/wp-json\/wp\/v2\/pages\/274\/revisions"}],"predecessor-version":[{"id":1068,"href":"https:\/\/www.audacesedilizia.com\/fr\/wp-json\/wp\/v2\/pages\/274\/revisions\/1068"}],"wp:attachment":[{"href":"https:\/\/www.audacesedilizia.com\/fr\/wp-json\/wp\/v2\/media?parent=274"}],"curies":[{"name":"wp","href":"https:\/\/api.w.org\/{rel}","templated":true}]}}