{"id":268,"date":"2024-09-17T12:35:14","date_gmt":"2024-09-17T12:35:14","guid":{"rendered":"https:\/\/tpcostruzioni.com\/renovations\/"},"modified":"2024-09-18T07:10:35","modified_gmt":"2024-09-18T07:10:35","slug":"renovations","status":"publish","type":"page","link":"https:\/\/www.audacesedilizia.com\/fr\/renovations\/","title":{"rendered":"R\u00e9novations"},"content":{"rendered":"<p>[et_pb_section fb_built=\u00a0\u00bb1&Prime; admin_label=\u00a0\u00bbHero\u00a0\u00bb _builder_version=\u00a0\u00bb4.19.3&Prime; use_background_color_gradient=\u00a0\u00bbon\u00a0\u00bb background_color_gradient_type=\u00a0\u00bbcircular\u00a0\u00bb background_color_gradient_direction_radial=\u00a0\u00bbtop left\u00a0\u00bb background_color_gradient_stops=\u00a0\u00bbrgba(40,40,40,0.79) 0%|rgba(40,40,40,0.86) 100%\u00a0\u00bb background_color_gradient_overlays_image=\u00a0\u00bbon\u00a0\u00bb background_color_gradient_start=\u00a0\u00bbrgba(40,40,40,0.79)\u00a0\u00bb background_color_gradient_end=\u00a0\u00bbrgba(40,40,40,0.86)\u00a0\u00bb background_image=\u00a0\u00bbhttps:\/\/www.audacesedilizia.com\/wp-content\/uploads\/2022\/12\/Depositphotos_6643597_XL-1.png\u00a0\u00bb background_blend=\u00a0\u00bbexclusion\u00a0\u00bb custom_margin=\u00a0\u00bb||||false\u00a0\u00bb custom_padding=\u00a0\u00bb5vw||5vw||true|false\u00a0\u00bb global_colors_info=\u00a0\u00bb{}\u00a0\u00bb][et_pb_row _builder_version=\u00a0\u00bb4.19.3&Prime; global_colors_info=\u00a0\u00bb{}\u00a0\u00bb][et_pb_column type=\u00a0\u00bb4_4&Prime; _builder_version=\u00a0\u00bb4.16&Prime; custom_padding=\u00a0\u00bb|||\u00a0\u00bb global_colors_info=\u00a0\u00bb{}\u00a0\u00bb custom_padding__hover=\u00a0\u00bb|||\u00a0\u00bb][et_pb_text _builder_version=\u00a0\u00bb4.27.0&Prime; text_font=\u00a0\u00bb||||||||\u00a0\u00bb header_font=\u00a0\u00bbRubik|700|||||||\u00a0\u00bb header_font_size=\u00a0\u00bb64px\u00a0\u00bb header_line_height=\u00a0\u00bb1.1em\u00a0\u00bb background_layout=\u00a0\u00bbdark\u00a0\u00bb max_width=\u00a0\u00bb800px\u00a0\u00bb custom_margin=\u00a0\u00bb||0px|\u00a0\u00bb custom_padding=\u00a0\u00bb|||16px\u00a0\u00bb hover_enabled=\u00a0\u00bb0&Prime; text_font_size_tablet=\u00a0\u00bb14px\u00a0\u00bb text_font_size_last_edited=\u00a0\u00bboff|desktop\u00a0\u00bb header_font_size_tablet=\u00a0\u00bb44px\u00a0\u00bb header_font_size_phone=\u00a0\u00bb32px\u00a0\u00bb header_font_size_last_edited=\u00a0\u00bbon|phone\u00a0\u00bb border_width_left=\u00a0\u00bb10px\u00a0\u00bb global_colors_info=\u00a0\u00bb{}\u00a0\u00bb sticky_enabled=\u00a0\u00bb0&Prime; border_color_all=\u00a0\u00bb#cb6843&Prime;]<\/p>\n<h1>R\u00e9novations<\/h1>\n<p>[\/et_pb_text][\/et_pb_column][\/et_pb_row][\/et_pb_section][et_pb_section fb_built=\u00a0\u00bb1&Prime; admin_label=\u00a0\u00bbAbout\u00a0\u00bb _builder_version=\u00a0\u00bb4.16&Prime; global_colors_info=\u00a0\u00bb{}\u00a0\u00bb][et_pb_row column_structure=\u00a0\u00bb1_2,1_2&Prime; _builder_version=\u00a0\u00bb4.16&Prime; global_colors_info=\u00a0\u00bb{}\u00a0\u00bb][et_pb_column type=\u00a0\u00bb1_2&Prime; _builder_version=\u00a0\u00bb4.16&Prime; custom_padding=\u00a0\u00bb|||\u00a0\u00bb global_colors_info=\u00a0\u00bb{}\u00a0\u00bb custom_padding__hover=\u00a0\u00bb|||\u00a0\u00bb][et_pb_text _builder_version=\u00a0\u00bb4.16&Prime; text_font=\u00a0\u00bb||||||||\u00a0\u00bb text_font_size=\u00a0\u00bb15px\u00a0\u00bb text_line_height=\u00a0\u00bb1.8em\u00a0\u00bb custom_padding=\u00a0\u00bb|||\u00a0\u00bb custom_padding_tablet=\u00a0\u00bb|40px||40px||true\u00a0\u00bb custom_padding_last_edited=\u00a0\u00bboff|desktop\u00a0\u00bb global_colors_info=\u00a0\u00bb{}\u00a0\u00bb]<\/p>\n<p><strong>Audaces Edilizia<\/strong> est une soci\u00e9t\u00e9 dynamique qui s&rsquo;adapte rapidement aux besoins sp\u00e9cifiques de ses clients; pour elle, il est essentiel d&rsquo;etre extr\u00e8ement polyvalent pour effectuer des travaux de r\u00e9novation dans des conditions optimales, comme pour les b\u00e2timents historiques.<\/p>\n<p><strong>Audaces Edilizia<\/strong> est en mesure d&rsquo;effectuer des travaux de r\u00e9novation dans les anciens b\u00e2timents, le cas \u00e9ch\u00e9ant, elle pr\u00e9serve le substrat original en utilisant les moyens appropri\u00e9s et les technologies modernes pour ex\u00e9cuter \u00e0 la perfection l&rsquo;\u0153uvre demand\u00e9e.<\/p>\n<p>La soci\u00e9t\u00e9 est munie de toutes les certifications n\u00e9cessaires pour effectuer les travaux en hauteur, pour installer les dispositifs de s\u00e9curit\u00e9 sur toiture et pour monter les \u00e9chafaudage. En op\u00e9rant dans des conditions complexes comme dans les vieilles villes ou dans les centres historiques, l&rsquo;entreprise peut choisir la solution la plus \u00e9conomique pour effectuer le travail, en suivant toujours les normes de s\u00e9curit\u00e9 et la conformit\u00e9 totale aux r\u00e8glements en vigueur.<\/p>\n<p>[\/et_pb_text][\/et_pb_column][et_pb_column type=\u00a0\u00bb1_2&Prime; _builder_version=\u00a0\u00bb4.16&Prime; custom_padding=\u00a0\u00bb|||\u00a0\u00bb global_colors_info=\u00a0\u00bb{}\u00a0\u00bb custom_padding__hover=\u00a0\u00bb|||\u00a0\u00bb][et_pb_text _builder_version=\u00a0\u00bb4.16&Prime; text_font=\u00a0\u00bb||||||||\u00a0\u00bb text_font_size=\u00a0\u00bb15px\u00a0\u00bb text_line_height=\u00a0\u00bb1.8em\u00a0\u00bb custom_padding=\u00a0\u00bb|||\u00a0\u00bb custom_padding_tablet=\u00a0\u00bb|40px||40px||true\u00a0\u00bb custom_padding_last_edited=\u00a0\u00bboff|desktop\u00a0\u00bb locked=\u00a0\u00bboff\u00a0\u00bb global_colors_info=\u00a0\u00bb{}\u00a0\u00bb]<\/p>\n<p>Parmi les r\u00e9novations les plus importantes r\u00e9alis\u00e9es par la soci\u00e9t\u00e9, on cite la restauration et la r\u00e9novation des planchers en bois d&rsquo;un b\u00e2timent du XIXe si\u00e8cle et l&rsquo;\u00e9tanch\u00e9it\u00e9 r\u00e9alis\u00e9e \u00e0 l&rsquo;aide d&rsquo;un rev\u00eatement en r\u00e9sine pos\u00e9e sur le toit d&rsquo;un immeuble du d\u00e9but du XXe si\u00e8cle. En ce qui concerne l&rsquo;ex\u00e9cution des travaux de structure, on rappelle la consolidation d&rsquo;une villa dat\u00e9e du d\u00e9but du XXe si\u00e8cle avec l&rsquo;installation de poteaux et de tiges d&rsquo;acier.<\/p>\n<p>Les principales r\u00e9f\u00e9rences de la soci\u00e9t\u00e9 sont situ\u00e9es \u00e0 Sanremo, Bordighera, Vintimille, Roquebrune, Cap d&rsquo;Ail jusqu&rsquo;\u00e0 St Laurent du Var.<\/p>\n<p>[\/et_pb_text][\/et_pb_column][\/et_pb_row][\/et_pb_section]<\/p>\n","protected":false},"excerpt":{"rendered":"<p>R\u00e9novationsAudaces Edilizia est une soci\u00e9t\u00e9 dynamique qui s&rsquo;adapte rapidement aux besoins sp\u00e9cifiques de ses clients; pour elle, il est essentiel d&rsquo;etre extr\u00e8ement polyvalent pour effectuer des travaux de r\u00e9novation dans des conditions optimales, comme pour les b\u00e2timents historiques. Audaces Edilizia est en mesure d&rsquo;effectuer des travaux de r\u00e9novation dans les anciens b\u00e2timents, le cas \u00e9ch\u00e9ant, [&hellip;]<\/p>\n","protected":false},"author":1,"featured_media":0,"parent":0,"menu_order":0,"comment_status":"closed","ping_status":"closed","template":"","meta":{"_et_pb_use_builder":"on","_et_pb_old_content":"","_et_gb_content_width":"","footnotes":""},"class_list":["post-268","page","type-page","status-publish","hentry"],"yoast_head":"<!-- This site is optimized with the Yoast SEO plugin v23.5 - https:\/\/yoast.com\/wordpress\/plugins\/seo\/ -->\n<title>R\u00e9novations - AUDACES Edilizia<\/title>\n<meta name=\"description\" content=\"TP Costruzioni est en mesure d&#039;effectuer des travaux de r\u00e9novation dans les anciens b\u00e2timents, le cas \u00e9ch\u00e9ant, elle pr\u00e9serve le substrat original en utilisant les moyens appropri\u00e9s et les technologies modernes pour ex\u00e9cuter \u00e0 la perfection l&#039;\u0153uvre demand\u00e9e.\" \/>\n<meta name=\"robots\" content=\"index, follow, max-snippet:-1, max-image-preview:large, max-video-preview:-1\" \/>\n<link rel=\"canonical\" href=\"https:\/\/www.audacesedilizia.com\/fr\/renovations\/\" \/>\n<meta property=\"og:locale\" content=\"fr_FR\" \/>\n<meta property=\"og:type\" content=\"article\" \/>\n<meta property=\"og:title\" content=\"R\u00e9novations - AUDACES Edilizia\" \/>\n<meta property=\"og:description\" content=\"TP Costruzioni est en mesure d&#039;effectuer des travaux de r\u00e9novation dans les anciens b\u00e2timents, le cas \u00e9ch\u00e9ant, elle pr\u00e9serve le substrat original en utilisant les moyens appropri\u00e9s et les technologies modernes pour ex\u00e9cuter \u00e0 la perfection l&#039;\u0153uvre demand\u00e9e.\" \/>\n<meta property=\"og:url\" content=\"https:\/\/www.audacesedilizia.com\/fr\/renovations\/\" \/>\n<meta property=\"og:site_name\" content=\"AUDACES Edilizia\" \/>\n<meta property=\"article:modified_time\" content=\"2024-09-18T07:10:35+00:00\" \/>\n<meta name=\"twitter:card\" content=\"summary_large_image\" \/>\n<meta name=\"twitter:label1\" content=\"Dur\u00e9e de lecture estim\u00e9e\" \/>\n\t<meta name=\"twitter:data1\" content=\"3 minutes\" \/>\n<script type=\"application\/ld+json\" class=\"yoast-schema-graph\">{\"@context\":\"https:\/\/schema.org\",\"@graph\":[{\"@type\":\"WebPage\",\"@id\":\"https:\/\/www.audacesedilizia.com\/fr\/renovations\/\",\"url\":\"https:\/\/www.audacesedilizia.com\/fr\/renovations\/\",\"name\":\"R\u00e9novations - AUDACES Edilizia\",\"isPartOf\":{\"@id\":\"https:\/\/www.audacesedilizia.com\/fr\/#website\"},\"datePublished\":\"2024-09-17T12:35:14+00:00\",\"dateModified\":\"2024-09-18T07:10:35+00:00\",\"description\":\"TP Costruzioni est en mesure d'effectuer des travaux de r\u00e9novation dans les anciens b\u00e2timents, le cas \u00e9ch\u00e9ant, elle pr\u00e9serve le substrat original en utilisant les moyens appropri\u00e9s et les technologies modernes pour ex\u00e9cuter \u00e0 la perfection l'\u0153uvre demand\u00e9e.\",\"breadcrumb\":{\"@id\":\"https:\/\/www.audacesedilizia.com\/fr\/renovations\/#breadcrumb\"},\"inLanguage\":\"fr-FR\",\"potentialAction\":[{\"@type\":\"ReadAction\",\"target\":[\"https:\/\/www.audacesedilizia.com\/fr\/renovations\/\"]}]},{\"@type\":\"BreadcrumbList\",\"@id\":\"https:\/\/www.audacesedilizia.com\/fr\/renovations\/#breadcrumb\",\"itemListElement\":[{\"@type\":\"ListItem\",\"position\":1,\"name\":\"Home\",\"item\":\"https:\/\/www.audacesedilizia.com\/fr\/\"},{\"@type\":\"ListItem\",\"position\":2,\"name\":\"R\u00e9novations\"}]},{\"@type\":\"WebSite\",\"@id\":\"https:\/\/www.audacesedilizia.com\/fr\/#website\",\"url\":\"https:\/\/www.audacesedilizia.com\/fr\/\",\"name\":\"AUDACES Edilizia\",\"description\":\"Azienda specializzata nella posa dei rivestimenti in pietra e in resina.\",\"publisher\":{\"@id\":\"https:\/\/www.audacesedilizia.com\/fr\/#organization\"},\"potentialAction\":[{\"@type\":\"SearchAction\",\"target\":{\"@type\":\"EntryPoint\",\"urlTemplate\":\"https:\/\/www.audacesedilizia.com\/fr\/?s={search_term_string}\"},\"query-input\":{\"@type\":\"PropertyValueSpecification\",\"valueRequired\":true,\"valueName\":\"search_term_string\"}}],\"inLanguage\":\"fr-FR\"},{\"@type\":\"Organization\",\"@id\":\"https:\/\/www.audacesedilizia.com\/fr\/#organization\",\"name\":\"Azienda specializzata nella posa dei rivestimenti in pietra e in resina.\",\"url\":\"https:\/\/www.audacesedilizia.com\/fr\/\",\"logo\":{\"@type\":\"ImageObject\",\"inLanguage\":\"fr-FR\",\"@id\":\"https:\/\/www.audacesedilizia.com\/fr\/#\/schema\/logo\/image\/\",\"url\":\"https:\/\/www.audacesedilizia.com\/wp-content\/uploads\/2024\/09\/AUDACES-EDILIZIA-Logo-Sito.png\",\"contentUrl\":\"https:\/\/www.audacesedilizia.com\/wp-content\/uploads\/2024\/09\/AUDACES-EDILIZIA-Logo-Sito.png\",\"width\":1357,\"height\":329,\"caption\":\"Azienda specializzata nella posa dei rivestimenti in pietra e in resina.\"},\"image\":{\"@id\":\"https:\/\/www.audacesedilizia.com\/fr\/#\/schema\/logo\/image\/\"}}]}<\/script>\n<!-- \/ Yoast SEO plugin. -->","yoast_head_json":{"title":"R\u00e9novations - AUDACES Edilizia","description":"TP Costruzioni est en mesure d'effectuer des travaux de r\u00e9novation dans les anciens b\u00e2timents, le cas \u00e9ch\u00e9ant, elle pr\u00e9serve le substrat original en utilisant les moyens appropri\u00e9s et les technologies modernes pour ex\u00e9cuter \u00e0 la perfection l'\u0153uvre demand\u00e9e.","robots":{"index":"index","follow":"follow","max-snippet":"max-snippet:-1","max-image-preview":"max-image-preview:large","max-video-preview":"max-video-preview:-1"},"canonical":"https:\/\/www.audacesedilizia.com\/fr\/renovations\/","og_locale":"fr_FR","og_type":"article","og_title":"R\u00e9novations - AUDACES Edilizia","og_description":"TP Costruzioni est en mesure d'effectuer des travaux de r\u00e9novation dans les anciens b\u00e2timents, le cas \u00e9ch\u00e9ant, elle pr\u00e9serve le substrat original en utilisant les moyens appropri\u00e9s et les technologies modernes pour ex\u00e9cuter \u00e0 la perfection l'\u0153uvre demand\u00e9e.","og_url":"https:\/\/www.audacesedilizia.com\/fr\/renovations\/","og_site_name":"AUDACES Edilizia","article_modified_time":"2024-09-18T07:10:35+00:00","twitter_card":"summary_large_image","twitter_misc":{"Dur\u00e9e de lecture estim\u00e9e":"3 minutes"},"schema":{"@context":"https:\/\/schema.org","@graph":[{"@type":"WebPage","@id":"https:\/\/www.audacesedilizia.com\/fr\/renovations\/","url":"https:\/\/www.audacesedilizia.com\/fr\/renovations\/","name":"R\u00e9novations - AUDACES Edilizia","isPartOf":{"@id":"https:\/\/www.audacesedilizia.com\/fr\/#website"},"datePublished":"2024-09-17T12:35:14+00:00","dateModified":"2024-09-18T07:10:35+00:00","description":"TP Costruzioni est en mesure d'effectuer des travaux de r\u00e9novation dans les anciens b\u00e2timents, le cas \u00e9ch\u00e9ant, elle pr\u00e9serve le substrat original en utilisant les moyens appropri\u00e9s et les technologies modernes pour ex\u00e9cuter \u00e0 la perfection l'\u0153uvre demand\u00e9e.","breadcrumb":{"@id":"https:\/\/www.audacesedilizia.com\/fr\/renovations\/#breadcrumb"},"inLanguage":"fr-FR","potentialAction":[{"@type":"ReadAction","target":["https:\/\/www.audacesedilizia.com\/fr\/renovations\/"]}]},{"@type":"BreadcrumbList","@id":"https:\/\/www.audacesedilizia.com\/fr\/renovations\/#breadcrumb","itemListElement":[{"@type":"ListItem","position":1,"name":"Home","item":"https:\/\/www.audacesedilizia.com\/fr\/"},{"@type":"ListItem","position":2,"name":"R\u00e9novations"}]},{"@type":"WebSite","@id":"https:\/\/www.audacesedilizia.com\/fr\/#website","url":"https:\/\/www.audacesedilizia.com\/fr\/","name":"AUDACES Edilizia","description":"Azienda specializzata nella posa dei rivestimenti in pietra e in resina.","publisher":{"@id":"https:\/\/www.audacesedilizia.com\/fr\/#organization"},"potentialAction":[{"@type":"SearchAction","target":{"@type":"EntryPoint","urlTemplate":"https:\/\/www.audacesedilizia.com\/fr\/?s={search_term_string}"},"query-input":{"@type":"PropertyValueSpecification","valueRequired":true,"valueName":"search_term_string"}}],"inLanguage":"fr-FR"},{"@type":"Organization","@id":"https:\/\/www.audacesedilizia.com\/fr\/#organization","name":"Azienda specializzata nella posa dei rivestimenti in pietra e in resina.","url":"https:\/\/www.audacesedilizia.com\/fr\/","logo":{"@type":"ImageObject","inLanguage":"fr-FR","@id":"https:\/\/www.audacesedilizia.com\/fr\/#\/schema\/logo\/image\/","url":"https:\/\/www.audacesedilizia.com\/wp-content\/uploads\/2024\/09\/AUDACES-EDILIZIA-Logo-Sito.png","contentUrl":"https:\/\/www.audacesedilizia.com\/wp-content\/uploads\/2024\/09\/AUDACES-EDILIZIA-Logo-Sito.png","width":1357,"height":329,"caption":"Azienda specializzata nella posa dei rivestimenti in pietra e in resina."},"image":{"@id":"https:\/\/www.audacesedilizia.com\/fr\/#\/schema\/logo\/image\/"}}]}},"_links":{"self":[{"href":"https:\/\/www.audacesedilizia.com\/fr\/wp-json\/wp\/v2\/pages\/268","targetHints":{"allow":["GET"]}}],"collection":[{"href":"https:\/\/www.audacesedilizia.com\/fr\/wp-json\/wp\/v2\/pages"}],"about":[{"href":"https:\/\/www.audacesedilizia.com\/fr\/wp-json\/wp\/v2\/types\/page"}],"author":[{"embeddable":true,"href":"https:\/\/www.audacesedilizia.com\/fr\/wp-json\/wp\/v2\/users\/1"}],"replies":[{"embeddable":true,"href":"https:\/\/www.audacesedilizia.com\/fr\/wp-json\/wp\/v2\/comments?post=268"}],"version-history":[{"count":7,"href":"https:\/\/www.audacesedilizia.com\/fr\/wp-json\/wp\/v2\/pages\/268\/revisions"}],"predecessor-version":[{"id":1066,"href":"https:\/\/www.audacesedilizia.com\/fr\/wp-json\/wp\/v2\/pages\/268\/revisions\/1066"}],"wp:attachment":[{"href":"https:\/\/www.audacesedilizia.com\/fr\/wp-json\/wp\/v2\/media?parent=268"}],"curies":[{"name":"wp","href":"https:\/\/api.w.org\/{rel}","templated":true}]}}