{"id":251,"date":"2021-07-11T18:13:12","date_gmt":"2021-07-11T18:13:12","guid":{"rendered":"https:\/\/tpcostruzioni.com\/beton-arme\/"},"modified":"2024-09-18T07:11:33","modified_gmt":"2024-09-18T07:11:33","slug":"beton-arme","status":"publish","type":"page","link":"https:\/\/www.audacesedilizia.com\/fr\/beton-arme\/","title":{"rendered":"Travaux en B\u00e9ton arm\u00e9"},"content":{"rendered":"<p>[et_pb_section fb_built=\u00a0\u00bb1&Prime; admin_label=\u00a0\u00bbHero\u00a0\u00bb _builder_version=\u00a0\u00bb4.19.3&Prime; use_background_color_gradient=\u00a0\u00bbon\u00a0\u00bb background_color_gradient_type=\u00a0\u00bbcircular\u00a0\u00bb background_color_gradient_direction_radial=\u00a0\u00bbtop left\u00a0\u00bb background_color_gradient_stops=\u00a0\u00bbrgba(40,40,40,0.79) 0%|rgba(40,40,40,0.86) 100%\u00a0\u00bb background_color_gradient_overlays_image=\u00a0\u00bbon\u00a0\u00bb background_color_gradient_start=\u00a0\u00bbrgba(40,40,40,0.79)\u00a0\u00bb background_color_gradient_end=\u00a0\u00bbrgba(40,40,40,0.86)\u00a0\u00bb background_image=\u00a0\u00bbhttps:\/\/www.audacesedilizia.com\/wp-content\/uploads\/2021\/07\/depositphotos_69204971-stock-photo-constructon-workers-with-yellow-helmet.jpg\u00a0\u00bb background_blend=\u00a0\u00bbexclusion\u00a0\u00bb custom_margin=\u00a0\u00bb||||false\u00a0\u00bb custom_padding=\u00a0\u00bb5vw||5vw||true|false\u00a0\u00bb global_colors_info=\u00a0\u00bb{}\u00a0\u00bb][et_pb_row _builder_version=\u00a0\u00bb4.19.3&Prime; width=\u00a0\u00bb100%\u00a0\u00bb global_colors_info=\u00a0\u00bb{}\u00a0\u00bb][et_pb_column type=\u00a0\u00bb4_4&Prime; _builder_version=\u00a0\u00bb4.16&Prime; custom_padding=\u00a0\u00bb|||\u00a0\u00bb global_colors_info=\u00a0\u00bb{}\u00a0\u00bb custom_padding__hover=\u00a0\u00bb|||\u00a0\u00bb][et_pb_text _builder_version=\u00a0\u00bb4.27.0&Prime; text_font=\u00a0\u00bb||||||||\u00a0\u00bb header_font=\u00a0\u00bbRubik|700|||||||\u00a0\u00bb header_font_size=\u00a0\u00bb64px\u00a0\u00bb header_line_height=\u00a0\u00bb1.1em\u00a0\u00bb background_layout=\u00a0\u00bbdark\u00a0\u00bb custom_margin=\u00a0\u00bb||0px|\u00a0\u00bb custom_padding=\u00a0\u00bb|||16px\u00a0\u00bb hover_enabled=\u00a0\u00bb0&Prime; text_font_size_tablet=\u00a0\u00bb14px\u00a0\u00bb text_font_size_last_edited=\u00a0\u00bboff|desktop\u00a0\u00bb header_font_size_tablet=\u00a0\u00bb44px\u00a0\u00bb header_font_size_phone=\u00a0\u00bb32px\u00a0\u00bb header_font_size_last_edited=\u00a0\u00bbon|phone\u00a0\u00bb border_color_all=\u00a0\u00bb#cb6843&Prime; border_width_left=\u00a0\u00bb10px\u00a0\u00bb global_colors_info=\u00a0\u00bb{}\u00a0\u00bb sticky_enabled=\u00a0\u00bb0&Prime;]<\/p>\n<h1>Travaux en B\u00e9ton arm\u00e9<\/h1>\n<p>[\/et_pb_text][\/et_pb_column][\/et_pb_row][\/et_pb_section][et_pb_section fb_built=\u00a0\u00bb1&Prime; admin_label=\u00a0\u00bbAbout\u00a0\u00bb _builder_version=\u00a0\u00bb4.16&Prime; global_colors_info=\u00a0\u00bb{}\u00a0\u00bb][et_pb_row column_structure=\u00a0\u00bb1_2,1_2&Prime; _builder_version=\u00a0\u00bb4.16&Prime; global_colors_info=\u00a0\u00bb{}\u00a0\u00bb][et_pb_column type=\u00a0\u00bb1_2&Prime; _builder_version=\u00a0\u00bb4.16&Prime; custom_padding=\u00a0\u00bb|||\u00a0\u00bb global_colors_info=\u00a0\u00bb{}\u00a0\u00bb custom_padding__hover=\u00a0\u00bb|||\u00a0\u00bb][et_pb_text _builder_version=\u00a0\u00bb4.16&Prime; text_font=\u00a0\u00bb||||||||\u00a0\u00bb text_font_size=\u00a0\u00bb15px\u00a0\u00bb text_line_height=\u00a0\u00bb1.8em\u00a0\u00bb custom_padding=\u00a0\u00bb||0px|||\u00a0\u00bb custom_padding_tablet=\u00a0\u00bb|40px||40px||true\u00a0\u00bb custom_padding_last_edited=\u00a0\u00bboff|desktop\u00a0\u00bb global_colors_info=\u00a0\u00bb{}\u00a0\u00bb]<\/p>\n<p><strong>Audaces Edilizia<\/strong> est munie de toutes les certifications n\u00e9cessaires pour b\u00e2tir des ouvrages en b\u00e9ton arm\u00e9 et elle est \u00e9quip\u00e9e de tout l\u2019\u00e9quipement n\u00e9cessaire pour pr\u00e9parer le b\u00e9ton sur place, lorsqu\u2019il n\u2019est pas possible d\u2019acc\u00e9der avec des b\u00e9tonni\u00e8res sur camion au site.<\/p>\n<p>[\/et_pb_text][\/et_pb_column][et_pb_column type=\u00a0\u00bb1_2&Prime; _builder_version=\u00a0\u00bb4.16&Prime; custom_padding=\u00a0\u00bb|||\u00a0\u00bb global_colors_info=\u00a0\u00bb{}\u00a0\u00bb custom_padding__hover=\u00a0\u00bb|||\u00a0\u00bb][et_pb_text _builder_version=\u00a0\u00bb4.16&Prime; text_font=\u00a0\u00bb||||||||\u00a0\u00bb text_font_size=\u00a0\u00bb15px\u00a0\u00bb text_line_height=\u00a0\u00bb1.8em\u00a0\u00bb custom_padding=\u00a0\u00bb|||\u00a0\u00bb custom_padding_tablet=\u00a0\u00bb|40px||40px||true\u00a0\u00bb custom_padding_last_edited=\u00a0\u00bboff|desktop\u00a0\u00bb locked=\u00a0\u00bboff\u00a0\u00bb global_colors_info=\u00a0\u00bb{}\u00a0\u00bb]<\/p>\n<p>Outre \u00e0 la large gamme classique de piliers et de dalles, la Soci\u00e9t\u00e9 construit les murs de sout\u00e8nement et les voies d&rsquo;acc\u00e8s; de plus, elle fait l&rsquo;excavation et le mouvement de la terre avec son propre \u00e9quipement.<\/p>\n<p>Les principales r\u00e9f\u00e9rences de l&rsquo;entreprise sont situ\u00e9es dans la r\u00e9gion de San Remo, Bordighera, Vintimille et dans la region voisine la C\u00f4t\u00e9 d&rsquo;Azur \/ R\u00e9gion Sud.<\/p>\n<p>[\/et_pb_text][\/et_pb_column][\/et_pb_row][\/et_pb_section]<\/p>\n","protected":false},"excerpt":{"rendered":"<p>Travaux en B\u00e9ton arm\u00e9Audaces Edilizia est munie de toutes les certifications n\u00e9cessaires pour b\u00e2tir des ouvrages en b\u00e9ton arm\u00e9 et elle est \u00e9quip\u00e9e de tout l\u2019\u00e9quipement n\u00e9cessaire pour pr\u00e9parer le b\u00e9ton sur place, lorsqu\u2019il n\u2019est pas possible d\u2019acc\u00e9der avec des b\u00e9tonni\u00e8res sur camion au site.Outre \u00e0 la large gamme classique de piliers et de dalles, [&hellip;]<\/p>\n","protected":false},"author":1,"featured_media":0,"parent":0,"menu_order":0,"comment_status":"closed","ping_status":"closed","template":"","meta":{"_et_pb_use_builder":"on","_et_pb_old_content":"","_et_gb_content_width":"","footnotes":""},"class_list":["post-251","page","type-page","status-publish","hentry"],"yoast_head":"<!-- This site is optimized with the Yoast SEO plugin v23.5 - https:\/\/yoast.com\/wordpress\/plugins\/seo\/ -->\n<title>Travaux en B\u00e9ton arm\u00e9 - AUDACES Edilizia<\/title>\n<meta name=\"description\" content=\"TP Costruzioni est munie de toutes les certifications n\u00e9cessaires pour b\u00e2tir des ouvrages en b\u00e9ton arm\u00e9 et elle est \u00e9quip\u00e9e de tout l\u2019\u00e9quipement n\u00e9cessaire pour pr\u00e9parer le b\u00e9ton sur place, lorsqu\u2019il n\u2019est pas possible d\u2019acc\u00e9der avec des b\u00e9tonni\u00e8res sur camion au site.\" \/>\n<meta name=\"robots\" content=\"index, follow, max-snippet:-1, max-image-preview:large, max-video-preview:-1\" \/>\n<link rel=\"canonical\" href=\"https:\/\/www.audacesedilizia.com\/fr\/beton-arme\/\" \/>\n<meta property=\"og:locale\" content=\"fr_FR\" \/>\n<meta property=\"og:type\" content=\"article\" \/>\n<meta property=\"og:title\" content=\"Travaux en B\u00e9ton arm\u00e9 - AUDACES Edilizia\" \/>\n<meta property=\"og:description\" content=\"TP Costruzioni est munie de toutes les certifications n\u00e9cessaires pour b\u00e2tir des ouvrages en b\u00e9ton arm\u00e9 et elle est \u00e9quip\u00e9e de tout l\u2019\u00e9quipement n\u00e9cessaire pour pr\u00e9parer le b\u00e9ton sur place, lorsqu\u2019il n\u2019est pas possible d\u2019acc\u00e9der avec des b\u00e9tonni\u00e8res sur camion au site.\" \/>\n<meta property=\"og:url\" content=\"https:\/\/www.audacesedilizia.com\/fr\/beton-arme\/\" \/>\n<meta property=\"og:site_name\" content=\"AUDACES Edilizia\" \/>\n<meta property=\"article:modified_time\" content=\"2024-09-18T07:11:33+00:00\" \/>\n<meta name=\"twitter:card\" content=\"summary_large_image\" \/>\n<meta name=\"twitter:label1\" content=\"Dur\u00e9e de lecture estim\u00e9e\" \/>\n\t<meta name=\"twitter:data1\" content=\"2 minutes\" \/>\n<script type=\"application\/ld+json\" class=\"yoast-schema-graph\">{\"@context\":\"https:\/\/schema.org\",\"@graph\":[{\"@type\":\"WebPage\",\"@id\":\"https:\/\/www.audacesedilizia.com\/fr\/beton-arme\/\",\"url\":\"https:\/\/www.audacesedilizia.com\/fr\/beton-arme\/\",\"name\":\"Travaux en B\u00e9ton arm\u00e9 - AUDACES Edilizia\",\"isPartOf\":{\"@id\":\"https:\/\/www.audacesedilizia.com\/fr\/#website\"},\"datePublished\":\"2021-07-11T18:13:12+00:00\",\"dateModified\":\"2024-09-18T07:11:33+00:00\",\"description\":\"TP Costruzioni est munie de toutes les certifications n\u00e9cessaires pour b\u00e2tir des ouvrages en b\u00e9ton arm\u00e9 et elle est \u00e9quip\u00e9e de tout l\u2019\u00e9quipement n\u00e9cessaire pour pr\u00e9parer le b\u00e9ton sur place, lorsqu\u2019il n\u2019est pas possible d\u2019acc\u00e9der avec des b\u00e9tonni\u00e8res sur camion au site.\",\"breadcrumb\":{\"@id\":\"https:\/\/www.audacesedilizia.com\/fr\/beton-arme\/#breadcrumb\"},\"inLanguage\":\"fr-FR\",\"potentialAction\":[{\"@type\":\"ReadAction\",\"target\":[\"https:\/\/www.audacesedilizia.com\/fr\/beton-arme\/\"]}]},{\"@type\":\"BreadcrumbList\",\"@id\":\"https:\/\/www.audacesedilizia.com\/fr\/beton-arme\/#breadcrumb\",\"itemListElement\":[{\"@type\":\"ListItem\",\"position\":1,\"name\":\"Home\",\"item\":\"https:\/\/www.audacesedilizia.com\/fr\/\"},{\"@type\":\"ListItem\",\"position\":2,\"name\":\"Travaux en B\u00e9ton arm\u00e9\"}]},{\"@type\":\"WebSite\",\"@id\":\"https:\/\/www.audacesedilizia.com\/fr\/#website\",\"url\":\"https:\/\/www.audacesedilizia.com\/fr\/\",\"name\":\"AUDACES Edilizia\",\"description\":\"Azienda specializzata nella posa dei rivestimenti in pietra e in resina.\",\"publisher\":{\"@id\":\"https:\/\/www.audacesedilizia.com\/fr\/#organization\"},\"potentialAction\":[{\"@type\":\"SearchAction\",\"target\":{\"@type\":\"EntryPoint\",\"urlTemplate\":\"https:\/\/www.audacesedilizia.com\/fr\/?s={search_term_string}\"},\"query-input\":{\"@type\":\"PropertyValueSpecification\",\"valueRequired\":true,\"valueName\":\"search_term_string\"}}],\"inLanguage\":\"fr-FR\"},{\"@type\":\"Organization\",\"@id\":\"https:\/\/www.audacesedilizia.com\/fr\/#organization\",\"name\":\"Azienda specializzata nella posa dei rivestimenti in pietra e in resina.\",\"url\":\"https:\/\/www.audacesedilizia.com\/fr\/\",\"logo\":{\"@type\":\"ImageObject\",\"inLanguage\":\"fr-FR\",\"@id\":\"https:\/\/www.audacesedilizia.com\/fr\/#\/schema\/logo\/image\/\",\"url\":\"https:\/\/www.audacesedilizia.com\/wp-content\/uploads\/2024\/09\/AUDACES-EDILIZIA-Logo-Sito.png\",\"contentUrl\":\"https:\/\/www.audacesedilizia.com\/wp-content\/uploads\/2024\/09\/AUDACES-EDILIZIA-Logo-Sito.png\",\"width\":1357,\"height\":329,\"caption\":\"Azienda specializzata nella posa dei rivestimenti in pietra e in resina.\"},\"image\":{\"@id\":\"https:\/\/www.audacesedilizia.com\/fr\/#\/schema\/logo\/image\/\"}}]}<\/script>\n<!-- \/ Yoast SEO plugin. -->","yoast_head_json":{"title":"Travaux en B\u00e9ton arm\u00e9 - AUDACES Edilizia","description":"TP Costruzioni est munie de toutes les certifications n\u00e9cessaires pour b\u00e2tir des ouvrages en b\u00e9ton arm\u00e9 et elle est \u00e9quip\u00e9e de tout l\u2019\u00e9quipement n\u00e9cessaire pour pr\u00e9parer le b\u00e9ton sur place, lorsqu\u2019il n\u2019est pas possible d\u2019acc\u00e9der avec des b\u00e9tonni\u00e8res sur camion au site.","robots":{"index":"index","follow":"follow","max-snippet":"max-snippet:-1","max-image-preview":"max-image-preview:large","max-video-preview":"max-video-preview:-1"},"canonical":"https:\/\/www.audacesedilizia.com\/fr\/beton-arme\/","og_locale":"fr_FR","og_type":"article","og_title":"Travaux en B\u00e9ton arm\u00e9 - AUDACES Edilizia","og_description":"TP Costruzioni est munie de toutes les certifications n\u00e9cessaires pour b\u00e2tir des ouvrages en b\u00e9ton arm\u00e9 et elle est \u00e9quip\u00e9e de tout l\u2019\u00e9quipement n\u00e9cessaire pour pr\u00e9parer le b\u00e9ton sur place, lorsqu\u2019il n\u2019est pas possible d\u2019acc\u00e9der avec des b\u00e9tonni\u00e8res sur camion au site.","og_url":"https:\/\/www.audacesedilizia.com\/fr\/beton-arme\/","og_site_name":"AUDACES Edilizia","article_modified_time":"2024-09-18T07:11:33+00:00","twitter_card":"summary_large_image","twitter_misc":{"Dur\u00e9e de lecture estim\u00e9e":"2 minutes"},"schema":{"@context":"https:\/\/schema.org","@graph":[{"@type":"WebPage","@id":"https:\/\/www.audacesedilizia.com\/fr\/beton-arme\/","url":"https:\/\/www.audacesedilizia.com\/fr\/beton-arme\/","name":"Travaux en B\u00e9ton arm\u00e9 - AUDACES Edilizia","isPartOf":{"@id":"https:\/\/www.audacesedilizia.com\/fr\/#website"},"datePublished":"2021-07-11T18:13:12+00:00","dateModified":"2024-09-18T07:11:33+00:00","description":"TP Costruzioni est munie de toutes les certifications n\u00e9cessaires pour b\u00e2tir des ouvrages en b\u00e9ton arm\u00e9 et elle est \u00e9quip\u00e9e de tout l\u2019\u00e9quipement n\u00e9cessaire pour pr\u00e9parer le b\u00e9ton sur place, lorsqu\u2019il n\u2019est pas possible d\u2019acc\u00e9der avec des b\u00e9tonni\u00e8res sur camion au site.","breadcrumb":{"@id":"https:\/\/www.audacesedilizia.com\/fr\/beton-arme\/#breadcrumb"},"inLanguage":"fr-FR","potentialAction":[{"@type":"ReadAction","target":["https:\/\/www.audacesedilizia.com\/fr\/beton-arme\/"]}]},{"@type":"BreadcrumbList","@id":"https:\/\/www.audacesedilizia.com\/fr\/beton-arme\/#breadcrumb","itemListElement":[{"@type":"ListItem","position":1,"name":"Home","item":"https:\/\/www.audacesedilizia.com\/fr\/"},{"@type":"ListItem","position":2,"name":"Travaux en B\u00e9ton arm\u00e9"}]},{"@type":"WebSite","@id":"https:\/\/www.audacesedilizia.com\/fr\/#website","url":"https:\/\/www.audacesedilizia.com\/fr\/","name":"AUDACES Edilizia","description":"Azienda specializzata nella posa dei rivestimenti in pietra e in resina.","publisher":{"@id":"https:\/\/www.audacesedilizia.com\/fr\/#organization"},"potentialAction":[{"@type":"SearchAction","target":{"@type":"EntryPoint","urlTemplate":"https:\/\/www.audacesedilizia.com\/fr\/?s={search_term_string}"},"query-input":{"@type":"PropertyValueSpecification","valueRequired":true,"valueName":"search_term_string"}}],"inLanguage":"fr-FR"},{"@type":"Organization","@id":"https:\/\/www.audacesedilizia.com\/fr\/#organization","name":"Azienda specializzata nella posa dei rivestimenti in pietra e in resina.","url":"https:\/\/www.audacesedilizia.com\/fr\/","logo":{"@type":"ImageObject","inLanguage":"fr-FR","@id":"https:\/\/www.audacesedilizia.com\/fr\/#\/schema\/logo\/image\/","url":"https:\/\/www.audacesedilizia.com\/wp-content\/uploads\/2024\/09\/AUDACES-EDILIZIA-Logo-Sito.png","contentUrl":"https:\/\/www.audacesedilizia.com\/wp-content\/uploads\/2024\/09\/AUDACES-EDILIZIA-Logo-Sito.png","width":1357,"height":329,"caption":"Azienda specializzata nella posa dei rivestimenti in pietra e in resina."},"image":{"@id":"https:\/\/www.audacesedilizia.com\/fr\/#\/schema\/logo\/image\/"}}]}},"_links":{"self":[{"href":"https:\/\/www.audacesedilizia.com\/fr\/wp-json\/wp\/v2\/pages\/251","targetHints":{"allow":["GET"]}}],"collection":[{"href":"https:\/\/www.audacesedilizia.com\/fr\/wp-json\/wp\/v2\/pages"}],"about":[{"href":"https:\/\/www.audacesedilizia.com\/fr\/wp-json\/wp\/v2\/types\/page"}],"author":[{"embeddable":true,"href":"https:\/\/www.audacesedilizia.com\/fr\/wp-json\/wp\/v2\/users\/1"}],"replies":[{"embeddable":true,"href":"https:\/\/www.audacesedilizia.com\/fr\/wp-json\/wp\/v2\/comments?post=251"}],"version-history":[{"count":7,"href":"https:\/\/www.audacesedilizia.com\/fr\/wp-json\/wp\/v2\/pages\/251\/revisions"}],"predecessor-version":[{"id":1067,"href":"https:\/\/www.audacesedilizia.com\/fr\/wp-json\/wp\/v2\/pages\/251\/revisions\/1067"}],"wp:attachment":[{"href":"https:\/\/www.audacesedilizia.com\/fr\/wp-json\/wp\/v2\/media?parent=251"}],"curies":[{"name":"wp","href":"https:\/\/api.w.org\/{rel}","templated":true}]}}